{"id":110,"date":"2017-05-25T22:09:11","date_gmt":"2017-05-25T20:09:11","guid":{"rendered":"http:\/\/www.dorian-keilhack.de\/?page_id=110"},"modified":"2024-02-01T10:51:27","modified_gmt":"2024-02-01T09:51:27","slug":"videoclips","status":"publish","type":"page","link":"https:\/\/www.dorian-keilhack.de\/en\/bilder\/videoclips\/","title":{"rendered":"Videoclips"},"content":{"rendered":"<p>1. Giacomo Puccini, La Boh\u00e8me, 1. Akt, Stadtteater Bern<\/p>\n<div style=\"width: 480px;\" class=\"wp-video\"><video class=\"wp-video-shortcode\" id=\"video-110-1\" width=\"480\" height=\"360\" preload=\"metadata\" controls=\"controls\"><source type=\"video\/mp4\" src=\"https:\/\/www.dorian-keilhack.de\/wp-content\/uploads\/2017\/05\/Boheme_Anfang_Akt_1.mp4?_=1\" \/><a href=\"https:\/\/www.dorian-keilhack.de\/wp-content\/uploads\/2017\/05\/Boheme_Anfang_Akt_1.mp4\">https:\/\/www.dorian-keilhack.de\/wp-content\/uploads\/2017\/05\/Boheme_Anfang_Akt_1.mp4<\/a><\/video><\/div>\n<p>2. Giacomo Puccini, La Boh\u00e8me, 2. Akt, Stadttheater Bern<\/p>\n<div style=\"width: 480px;\" class=\"wp-video\"><video class=\"wp-video-shortcode\" id=\"video-110-2\" width=\"480\" height=\"360\" preload=\"metadata\" controls=\"controls\"><source type=\"video\/mp4\" src=\"https:\/\/www.dorian-keilhack.de\/wp-content\/uploads\/2017\/05\/Boheme_Akt_2.mp4?_=2\" \/><a href=\"https:\/\/www.dorian-keilhack.de\/wp-content\/uploads\/2017\/05\/Boheme_Akt_2.mp4\">https:\/\/www.dorian-keilhack.de\/wp-content\/uploads\/2017\/05\/Boheme_Akt_2.mp4<\/a><\/video><\/div>\n<p>3. Engelbert Humperdinck, H\u00e4nsel und Gretel, Ouvert\u00fcre, Stadttheater Bern<\/p>\n<div style=\"width: 480px;\" class=\"wp-video\"><video class=\"wp-video-shortcode\" id=\"video-110-3\" width=\"480\" height=\"360\" preload=\"metadata\" controls=\"controls\"><source type=\"video\/mp4\" src=\"https:\/\/www.dorian-keilhack.de\/wp-content\/uploads\/2017\/05\/Humperdinck-H_und_G_Ouverture.mp4?_=3\" \/><a href=\"https:\/\/www.dorian-keilhack.de\/wp-content\/uploads\/2017\/05\/Humperdinck-H_und_G_Ouverture.mp4\">https:\/\/www.dorian-keilhack.de\/wp-content\/uploads\/2017\/05\/Humperdinck-H_und_G_Ouverture.mp4<\/a><\/video><\/div>\n<p>4. Johann Strauss, Die Fledermaus, Ouvert\u00fcre, Stadttheater Bern<\/p>\n<div style=\"width: 480px;\" class=\"wp-video\"><video class=\"wp-video-shortcode\" id=\"video-110-4\" width=\"480\" height=\"360\" preload=\"metadata\" controls=\"controls\"><source type=\"video\/mp4\" src=\"https:\/\/www.dorian-keilhack.de\/wp-content\/uploads\/2017\/05\/Strauss-Fledermaus.mp4?_=4\" \/><a href=\"https:\/\/www.dorian-keilhack.de\/wp-content\/uploads\/2017\/05\/Strauss-Fledermaus.mp4\">https:\/\/www.dorian-keilhack.de\/wp-content\/uploads\/2017\/05\/Strauss-Fledermaus.mp4<\/a><\/video><\/div>\n<p>5. D. Schostakowitsch, In Kusmina\u2019s Hut, Stadttheater Bern<\/p>\n<div style=\"width: 480px;\" class=\"wp-video\"><video class=\"wp-video-shortcode\" id=\"video-110-5\" width=\"480\" height=\"360\" preload=\"metadata\" controls=\"controls\"><source type=\"video\/mp4\" src=\"https:\/\/www.dorian-keilhack.de\/wp-content\/uploads\/2017\/05\/Schostakowitsch.mp4?_=5\" \/><a href=\"https:\/\/www.dorian-keilhack.de\/wp-content\/uploads\/2017\/05\/Schostakowitsch.mp4\">https:\/\/www.dorian-keilhack.de\/wp-content\/uploads\/2017\/05\/Schostakowitsch.mp4<\/a><\/video><\/div>\n","protected":false},"excerpt":{"rendered":"<p>1. Giacomo Puccini, La Boh\u00e8me, 1. Akt, Stadtteater Bern 2. Giacomo Puccini, La Boh\u00e8me, 2. Akt, Stadttheater Bern 3. Engelbert Humperdinck, H\u00e4nsel und Gretel, Ouvert\u00fcre, Stadttheater Bern 4. Johann Strauss, Die Fledermaus, Ouvert\u00fcre, Stadttheater Bern 5. D. Schostakowitsch, In Kusmina\u2019s Hut, Stadttheater Bern<\/p>\n","protected":false},"author":1,"featured_media":0,"parent":105,"menu_order":8,"comment_status":"closed","ping_status":"closed","template":"","meta":{"ngg_post_thumbnail":0,"footnotes":""},"class_list":{"0":"entry","1":"page","2":"publish","4":"post-110"},"translation":{"provider":"WPGlobus","version":"3.0.2","language":"en","enabled_languages":["de","en"],"languages":{"de":{"title":true,"content":true,"excerpt":false},"en":{"title":true,"content":true,"excerpt":false}}},"_links":{"self":[{"href":"https:\/\/www.dorian-keilhack.de\/en\/wp-json\/wp\/v2\/pages\/110","targetHints":{"allow":["GET"]}}],"collection":[{"href":"https:\/\/www.dorian-keilhack.de\/en\/wp-json\/wp\/v2\/pages"}],"about":[{"href":"https:\/\/www.dorian-keilhack.de\/en\/wp-json\/wp\/v2\/types\/page"}],"author":[{"embeddable":true,"href":"https:\/\/www.dorian-keilhack.de\/en\/wp-json\/wp\/v2\/users\/1"}],"replies":[{"embeddable":true,"href":"https:\/\/www.dorian-keilhack.de\/en\/wp-json\/wp\/v2\/comments?post=110"}],"version-history":[{"count":5,"href":"https:\/\/www.dorian-keilhack.de\/en\/wp-json\/wp\/v2\/pages\/110\/revisions"}],"predecessor-version":[{"id":636,"href":"https:\/\/www.dorian-keilhack.de\/en\/wp-json\/wp\/v2\/pages\/110\/revisions\/636"}],"up":[{"embeddable":true,"href":"https:\/\/www.dorian-keilhack.de\/en\/wp-json\/wp\/v2\/pages\/105"}],"wp:attachment":[{"href":"https:\/\/www.dorian-keilhack.de\/en\/wp-json\/wp\/v2\/media?parent=110"}],"curies":[{"name":"wp","href":"https:\/\/api.w.org\/{rel}","templated":true}]}}