{"id":98,"date":"2017-05-25T22:01:44","date_gmt":"2017-05-25T20:01:44","guid":{"rendered":"http:\/\/www.dorian-keilhack.de\/?page_id=98"},"modified":"2017-06-18T15:37:31","modified_gmt":"2017-06-18T13:37:31","slug":"repertoire","status":"publish","type":"page","link":"https:\/\/www.dorian-keilhack.de\/en\/biographische-notizen\/repertoire\/","title":{"rendered":"Repertory"},"content":{"rendered":"<h2>Conductor<\/h2>\n<h3><em>Opera:<\/em><\/h3>\n<table>\n<tbody>\n<tr>\n<td>Monteverdi<\/td>\n<td>Orpheus<\/td>\n<\/tr>\n<tr>\n<td>Benda<\/td>\n<td>Romeo und Julia<\/td>\n<\/tr>\n<tr>\n<td>Mozart<\/td>\n<td>Die Zauberfl\u00f6te<\/p>\n<p>Finta Giadinera<\/p>\n<p>Le nozze di Figaro<\/p>\n<p>Cosi fan tutte<\/p>\n<p>Die Entf\u00fchrung aus dem Serail<\/p>\n<p>Don Giovanni<\/td>\n<\/tr>\n<tr>\n<td>Beethoven<\/td>\n<td>Fidelio<\/td>\n<\/tr>\n<tr>\n<td>Donizetti<\/td>\n<td>L\u2019elsir d\u2019amore<\/p>\n<p>Lucia di Lammermoor<\/td>\n<\/tr>\n<tr>\n<td>Rossini<\/td>\n<td>Der Barbier von Sevilla<\/td>\n<\/tr>\n<tr>\n<td>Bizet<\/td>\n<td>Carmen<\/td>\n<\/tr>\n<tr>\n<td>Nicolai<\/td>\n<td>Die lustigen Weiber von Windsor<\/td>\n<\/tr>\n<tr>\n<td>Lortzing<\/td>\n<td>Zar und Zimmermann<\/td>\n<\/tr>\n<tr>\n<td>Offenbach<\/td>\n<td>Hoffmanns Erz\u00e4hlungen<\/td>\n<\/tr>\n<tr>\n<td>Humperdinck<\/td>\n<td>H\u00e4nsel und Gretel<\/td>\n<\/tr>\n<tr>\n<td>Verdi<\/td>\n<td>La Traviata<\/p>\n<p>Aida<\/p>\n<p>Der Maskenball<\/p>\n<p>Don Carlo<\/td>\n<\/tr>\n<tr>\n<td>Dvorak<\/td>\n<td>Rusalka<\/td>\n<\/tr>\n<tr>\n<td>Tschaikowsky<\/td>\n<td>Eugen Onegin<\/td>\n<\/tr>\n<tr>\n<td>Korngold<\/td>\n<td>Die tote Stadt<\/td>\n<\/tr>\n<tr>\n<td>Puccini<\/td>\n<td>Tosca<\/p>\n<p>La Boheme<\/p>\n<p>Turandot<\/td>\n<\/tr>\n<tr>\n<td>Mascagni<\/td>\n<td>Cavalleria rusticana<\/td>\n<\/tr>\n<tr>\n<td>Strauss<\/td>\n<td>Der Rosenkavalier<\/td>\n<\/tr>\n<tr>\n<td>Strawinsky<\/td>\n<td>Oedipus Rex<\/td>\n<\/tr>\n<tr>\n<td>Zemlinsky<\/td>\n<td>Der Zwerg<\/td>\n<\/tr>\n<tr>\n<td>Poulenc<\/td>\n<td>Dialogues des Carm\u00e9lites<\/td>\n<\/tr>\n<tr>\n<td>Prokofiev<\/td>\n<td>Die Liebe zu den drei Orangen<\/p>\n<p>Romeo und Julia (Ballett)<\/td>\n<\/tr>\n<tr>\n<td>Britten<\/td>\n<td>Der Sommernachtstraum<\/td>\n<\/tr>\n<tr>\n<td>Reimann<\/td>\n<td>K\u00f6nig Lear<\/p>\n<p>Die Gespenstersonate<\/td>\n<\/tr>\n<tr>\n<td>Ad\u00e8s<\/td>\n<td>Powder Her Face<\/td>\n<\/tr>\n<tr>\n<td>Klemmstein<\/td>\n<td>Der achte Tag<\/td>\n<\/tr>\n<tr>\n<td>Nyman<\/td>\n<td>Der Mann, der seine Frau mit dem Hut verwechselte<\/td>\n<\/tr>\n<tr>\n<td>Demetz<\/td>\n<td>Der H\u00e4ftling von Mab<\/td>\n<\/tr>\n<tr>\n<td>Hennig<\/td>\n<td>Malins Heimkehr<\/td>\n<\/tr>\n<tr>\n<td>7 Komponisten<\/td>\n<td>Operellen<\/td>\n<\/tr>\n<tr>\n<td>Nygard<\/td>\n<td>Die g\u00f6ttliche Kirmes<\/td>\n<\/tr>\n<tr>\n<td>Scartazzini<\/td>\n<td>Wut<\/td>\n<\/tr>\n<\/tbody>\n<\/table>\n<h3><em>Operetta and Musical:<\/em><\/h3>\n<table>\n<tbody>\n<tr>\n<td>Lehar<\/td>\n<td>Das Land des L\u00e4chelns<\/p>\n<p>Die lustige Witwe<\/td>\n<\/tr>\n<tr>\n<td>Benatzky<\/td>\n<td>Im wei\u00dfen R\u00f6\u00dfl<\/td>\n<\/tr>\n<tr>\n<td>Strau\u00df<\/td>\n<td>Der Zigeunerbaron<\/p>\n<p>Nacht in Venedig<\/p>\n<p>Die Fledermaus<\/td>\n<\/tr>\n<tr>\n<td>Heuberger<\/td>\n<td>Der Opernball<\/td>\n<\/tr>\n<tr>\n<td>Offenbach<\/td>\n<td>Die Gro\u00dfherzogin von Geroldstein<\/p>\n<p>Orpheus in der Unterwelt<\/td>\n<\/tr>\n<tr>\n<td>Mancini<\/td>\n<td>Victor und Victoria<\/td>\n<\/tr>\n<tr>\n<td>Coleman<\/td>\n<td>Sweet Charity<\/td>\n<\/tr>\n<tr>\n<td>Schmidt\/Jones<\/td>\n<td>The Fantasticks (Musical), TLT 2001<\/td>\n<\/tr>\n<tr>\n<td>Bernstein<\/td>\n<td>Candide<\/td>\n<\/tr>\n<\/tbody>\n<\/table>\n<h3><em>Concert Repertory:<\/em><\/h3>\n<table>\n<tbody>\n<tr>\n<td>Bach<\/td>\n<td>Weihnachtsoratorium<\/p>\n<p>Matth\u00e4us-Passion<\/p>\n<p>Johannes- Passion<\/td>\n<\/tr>\n<tr>\n<td>Haydn<\/td>\n<td>Cellokonzerte C-Dur und D-Dur<\/p>\n<p>Sinfonien: Nr.26, Nr.37, Nr. 45, Nr.94, Nr.98, Nr. 100, Nr.103<\/p>\n<p>Oratorium \u201cDie Sch\u00f6pfung\u201d<\/td>\n<\/tr>\n<tr>\n<td>Mozart<\/td>\n<td>Sinfonien g-Moll KV 183, A-Dur KV 201, D-Dur KV 297,&nbsp;\u201cHaffner\u201d KV 385, \u201cPrager\u201d KV 504, g-Moll KV 550,&nbsp;\u201cJupiter\u201d KV 551<\/p>\n<p>Klavierkonzert c-moll KV 491 (als Solist und Dirigent)<\/p>\n<p>Klavierkonzert A-Dur KV 488 (als Solist und Dirigent)<\/p>\n<p>Klavierkonzert G-Dur KV 453 (als Solist und Dirigent)<\/p>\n<p>Klavierkonzert d-moll KV 466 (als Solist und Dirigent)<\/p>\n<p>Violinkonzerte G-Dur KV 216, D-Dur KV 218, A-Dur KV 219<\/p>\n<p>Sinfonia concertante Es Dur KV 364<\/p>\n<p>Konzert f\u00fcr Klarinette und Orchester KV 622<\/td>\n<\/tr>\n<tr>\n<td>Beethoven<\/td>\n<td>Sinfonie Nr. 1 bis Nr. 9<\/p>\n<p>Coriolan Ouvert\u00fcre<\/p>\n<p>Egmont Ouvert\u00fcre<\/p>\n<p>Klavierkonzerte 1-5 (als Solist und Dirigent)<\/td>\n<\/tr>\n<tr>\n<td>Brahms<\/td>\n<td>Sinfonie Nr. 1 bis Nr. 4, Haydn Variationen, Ungarische T\u00e4nze, Violinkonzert, Doppelkonzert f\u00fcr Violine und Violoncello, Requiem<\/td>\n<\/tr>\n<tr>\n<td>Schubert<\/td>\n<td>Sinfonien Nr. 1 bis Nr. 9<\/td>\n<\/tr>\n<tr>\n<td>Mendelssohn<\/td>\n<td>Sinfonien Nr. 2-4<\/p>\n<p>Sommernachtstraum, Hebriden- Ouvert\u00fcre, Heimkehr aus der&nbsp;Fremde (Ouvert\u00fcre), Oratorium Elias<\/p>\n<p>Klavierkonzert g-Moll, Violinkonzert e-Moll<\/td>\n<\/tr>\n<tr>\n<td>Schumann<\/td>\n<td>Sinfonien Nr. 1-4<\/p>\n<p>Klavierkonzert a-Moll<\/td>\n<\/tr>\n<tr>\n<td>Dvorak<\/td>\n<td>Sinfonie Nr. 1-9<\/p>\n<p>Slawische T\u00e4nze<\/td>\n<\/tr>\n<tr>\n<td>Franck<\/td>\n<td>Sinfonie d-Moll<\/td>\n<\/tr>\n<tr>\n<td>Bruckner<\/td>\n<td>Sinfonie Nr. 3 bis Nr. 9<\/td>\n<\/tr>\n<tr>\n<td>Tschaikowsky<\/td>\n<td>Sinfonien Nr. 4 bis&nbsp; Nr. 6<\/td>\n<\/tr>\n<tr>\n<td>Mahler<\/td>\n<td>Sinfonie Nr. 1, Nr. 4, Nr. 5, Nr. 9 und \u201eLied von der Erde\u201c<\/td>\n<\/tr>\n<tr>\n<td>Bartok<\/td>\n<td>Konzert f\u00fcr Orchester<\/p>\n<p>Der wunderbare Mandarin<\/p>\n<p>Musik f\u00fcr Saiteninstrumente, Schlagzeug und Celesta<\/p>\n<p>Klavierkonzerte Nr. 1 und Nr. 3<\/td>\n<\/tr>\n<tr>\n<td>Debussy<\/td>\n<td>Prelude \u00e0 l\u2019apr\u00e8s-midi d\u2019un faune<\/p>\n<p>Rhapsodie f\u00fcr Klarinette und Orchester<\/td>\n<\/tr>\n<tr>\n<td>Schostakowitsch<\/td>\n<td>Sinfonie Nr. 1 bis Nr. 15<\/p>\n<p>Kammersymphonie op.110 und op.118<\/td>\n<\/tr>\n<tr>\n<td>Prokofiev<\/td>\n<td>Romeo und Julia<\/p>\n<p>Peter und der Wolf<\/p>\n<p>1. Klavierkonzert<\/td>\n<\/tr>\n<tr>\n<td>Scrjabin<\/td>\n<td>Prometheus<\/td>\n<\/tr>\n<tr>\n<td>Schoenberg<\/td>\n<td>1. Kammersymphonie, Pierrot lunaire<\/td>\n<\/tr>\n<tr>\n<td>Webern<\/td>\n<td>Im Sommerwind<\/p>\n<p>Sechs St\u00fccke op.6<\/td>\n<\/tr>\n<tr>\n<td>Messiaen<\/td>\n<td>Turangalila-Sinfonie<\/p>\n<p>Oiseaux exotiques<\/p>\n<p>Sept Hai-Kai<\/td>\n<\/tr>\n<tr>\n<td>Johann Strau\u00df<\/td>\n<td>Fledermaus-Ouvert\u00fcre, Walzer, Polkas<\/p>\n<p>Werke des 20.\/21. Jahrhunderts. u.a. von <strong>Reimann, Ligeti, von Bose, Demetz, Varese. Boulez, Messiaen<\/strong><\/td>\n<\/tr>\n<\/tbody>\n<\/table>\n<h2>Repertory as Coach<\/h2>\n<table dir=\"ltr\" frame=\"void\" rules=\"none\" cellspacing=\"5\" cellpadding=\"5\" border=\"0\">\n<colgroup>\n<col width=\"100*\">\n<col width=\"280*\"><\/colgroup>\n<tbody>\n<tr valign=\"TOP\">\n<td valign=\"top\" align=\"left\">Benda<\/td>\n<td valign=\"top\" align=\"left\">Romeo und Julia<\/td>\n<\/tr>\n<tr>\n<td valign=\"top\" align=\"left\"><span lang=\"it-IT\">Mozart<\/span><\/td>\n<td valign=\"top\" align=\"left\"><span lang=\"it-IT\">Die Zauberfl\u00f6te<\/span><\/p>\n<p><span lang=\"it-IT\">Die Entf\u00fchrung aus dem Serail<\/span><\/p>\n<p>Le nozze di Figaro<\/p>\n<p>Cosi fan tutte<\/p>\n<p>Don Giovanni<\/p>\n<p>Titus<\/td>\n<\/tr>\n<tr>\n<td valign=\"top\" align=\"left\">Beethoven<\/td>\n<td valign=\"top\" align=\"left\">Fidelio<\/td>\n<\/tr>\n<tr>\n<td valign=\"top\" align=\"left\">Weber<\/td>\n<td valign=\"top\" align=\"left\">Der Freisch\u00fctz<\/td>\n<\/tr>\n<tr>\n<td valign=\"top\" align=\"left\">Bizet<\/td>\n<td valign=\"top\" align=\"left\">Carmen<\/td>\n<\/tr>\n<tr>\n<td valign=\"top\" align=\"left\">\n<p lang=\"it-IT\">Donizetti<\/p>\n<\/td>\n<td valign=\"top\" align=\"left\">\n<p lang=\"it-IT\">L\u2019elisir d\u2019amore<\/p>\n<p lang=\"it-IT\">Lucia di Lammermoor<\/p>\n<\/td>\n<\/tr>\n<tr>\n<td valign=\"top\" align=\"left\">Rossini<\/td>\n<td valign=\"top\" align=\"left\">Der T\u00fcrke in Italien<\/p>\n<p>Der Barbier von Sevilla<\/td>\n<\/tr>\n<tr>\n<td valign=\"top\" align=\"left\">Nicolai<\/td>\n<td valign=\"top\" align=\"left\">Die lustigen Weiber von Windsor<\/td>\n<\/tr>\n<tr>\n<td valign=\"top\" align=\"left\">Lortzing<\/td>\n<td valign=\"top\" align=\"left\">Zar und Zimmermann<\/td>\n<\/tr>\n<tr>\n<td valign=\"top\" align=\"left\">Verdi<\/td>\n<td valign=\"top\" align=\"left\">Othello<\/p>\n<p>Der <span lang=\"en-GB\">Maskenball<\/span><\/p>\n<p lang=\"en-GB\">Macbeth<\/p>\n<p lang=\"en-GB\">Trovatore<\/p>\n<p><span lang=\"it-IT\">Don Carlo<\/span><\/p>\n<p lang=\"en-GB\">La Traviata<\/p>\n<p>Aida<\/td>\n<\/tr>\n<tr>\n<td valign=\"top\" align=\"left\">Dvorak<\/td>\n<td valign=\"top\" align=\"left\">Rusalka<\/td>\n<\/tr>\n<tr>\n<td valign=\"top\" align=\"left\">Humperdinck<\/td>\n<td valign=\"top\" align=\"left\">H\u00e4nsel und Gretel<\/td>\n<\/tr>\n<tr>\n<td valign=\"top\" align=\"left\">\n<p lang=\"it-IT\">Wagner<\/p>\n<\/td>\n<td valign=\"top\" align=\"left\">\n<p lang=\"it-IT\">Tristan und Isolde<\/p>\n<p lang=\"it-IT\">Die Meistersinger<\/p>\n<p lang=\"it-IT\">Parsifal<\/p>\n<p lang=\"it-IT\">Tannh\u00e4user<\/p>\n<\/td>\n<\/tr>\n<tr>\n<td valign=\"top\" align=\"left\">\n<p lang=\"it-IT\">Puccini<\/p>\n<\/td>\n<td valign=\"top\" align=\"left\">\n<p lang=\"it-IT\">Tosca<\/p>\n<p lang=\"it-IT\">Boheme<\/p>\n<p lang=\"it-IT\">Turandot<\/p>\n<p lang=\"it-IT\">Madame Butterfly<\/p>\n<\/td>\n<\/tr>\n<tr>\n<td valign=\"top\" align=\"left\">\n<p lang=\"it-IT\">Mascagni<\/p>\n<\/td>\n<td valign=\"top\" align=\"left\">\n<p lang=\"it-IT\">Cavalleria rusticana<\/p>\n<\/td>\n<\/tr>\n<tr>\n<td valign=\"top\" align=\"left\">\n<p lang=\"it-IT\">Massenet<\/p>\n<\/td>\n<td valign=\"top\" align=\"left\">\n<p lang=\"it-IT\">Werther<\/p>\n<p lang=\"it-IT\"><span lang=\"it-IT\">Che<\/span>rubin<\/p>\n<\/td>\n<\/tr>\n<tr>\n<td valign=\"top\" align=\"left\">Strauss<\/td>\n<td valign=\"top\" align=\"left\">Der Rosenkavalier<\/p>\n<p>Ariadne von Naxos<\/p>\n<p>Frau ohne Schatten<\/p>\n<p>Elektra<\/td>\n<\/tr>\n<tr>\n<td valign=\"top\" align=\"left\">Zemlinsky<\/td>\n<td valign=\"top\" align=\"left\">Der Zwerg<\/td>\n<\/tr>\n<tr>\n<td valign=\"top\" align=\"left\">Krenek<\/td>\n<td valign=\"top\" align=\"left\">Jonny spielt auf<\/td>\n<\/tr>\n<tr>\n<td valign=\"top\" align=\"left\">Schostakowitsch<\/td>\n<td valign=\"top\" align=\"left\">Lady Macbeth<\/td>\n<\/tr>\n<tr>\n<td valign=\"top\" align=\"left\">Lehar<\/td>\n<td valign=\"top\" align=\"left\">Das Land des L\u00e4chelns<\/p>\n<p>Der Graf von Luxenburg<\/td>\n<\/tr>\n<tr>\n<td valign=\"top\" align=\"left\">Strau\u00df<\/td>\n<td valign=\"top\" align=\"left\">Der Zigeunerbaron<\/p>\n<p>Die Fledermaus<\/p>\n<p>Die Nacht in Venedig<\/td>\n<\/tr>\n<\/tbody>\n<\/table>\n<p>&nbsp;<\/p>\n","protected":false},"excerpt":{"rendered":"<p>Conductor Opera: Monteverdi Orpheus Benda Romeo und Julia Mozart Die Zauberfl\u00f6te Finta Giadinera Le nozze di Figaro Cosi fan tutte Die Entf\u00fchrung aus dem Serail Don Giovanni Beethoven Fidelio Donizetti L\u2019elsir d\u2019amore Lucia di Lammermoor Rossini Der Barbier von Sevilla Bizet Carmen Nicolai Die lustigen Weiber von Windsor Lortzing Zar und Zimmermann Offenbach Hoffmanns Erz\u00e4hlungen &#8230; <span class=\"more\"><a class=\"more-link\" href=\"https:\/\/www.dorian-keilhack.de\/en\/biographische-notizen\/repertoire\/\">[Read more&#8230;]<\/a><\/span><\/p>\n","protected":false},"author":1,"featured_media":0,"parent":94,"menu_order":5,"comment_status":"closed","ping_status":"closed","template":"","meta":{"ngg_post_thumbnail":0,"footnotes":""},"class_list":{"0":"entry","1":"page","2":"publish","4":"post-98"},"translation":{"provider":"WPGlobus","version":"3.0.2","language":"en","enabled_languages":["de","en"],"languages":{"de":{"title":true,"content":true,"excerpt":false},"en":{"title":true,"content":true,"excerpt":false}}},"_links":{"self":[{"href":"https:\/\/www.dorian-keilhack.de\/en\/wp-json\/wp\/v2\/pages\/98","targetHints":{"allow":["GET"]}}],"collection":[{"href":"https:\/\/www.dorian-keilhack.de\/en\/wp-json\/wp\/v2\/pages"}],"about":[{"href":"https:\/\/www.dorian-keilhack.de\/en\/wp-json\/wp\/v2\/types\/page"}],"author":[{"embeddable":true,"href":"https:\/\/www.dorian-keilhack.de\/en\/wp-json\/wp\/v2\/users\/1"}],"replies":[{"embeddable":true,"href":"https:\/\/www.dorian-keilhack.de\/en\/wp-json\/wp\/v2\/comments?post=98"}],"version-history":[{"count":4,"href":"https:\/\/www.dorian-keilhack.de\/en\/wp-json\/wp\/v2\/pages\/98\/revisions"}],"predecessor-version":[{"id":180,"href":"https:\/\/www.dorian-keilhack.de\/en\/wp-json\/wp\/v2\/pages\/98\/revisions\/180"}],"up":[{"embeddable":true,"href":"https:\/\/www.dorian-keilhack.de\/en\/wp-json\/wp\/v2\/pages\/94"}],"wp:attachment":[{"href":"https:\/\/www.dorian-keilhack.de\/en\/wp-json\/wp\/v2\/media?parent=98"}],"curies":[{"name":"wp","href":"https:\/\/api.w.org\/{rel}","templated":true}]}}